{"id":339,"date":"2023-04-08T23:19:29","date_gmt":"2023-04-08T23:19:29","guid":{"rendered":"http:\/\/nbhsa.ca\/home\/"},"modified":"2023-11-17T14:17:58","modified_gmt":"2023-11-17T14:17:58","slug":"home","status":"publish","type":"page","link":"http:\/\/nbhsa.ca\/fr\/","title":{"rendered":"Accueil"},"content":{"rendered":"<p><div class=\"fusion-fullwidth fullwidth-box fusion-builder-row-1 fusion-flex-container has-pattern-background has-mask-background nonhundred-percent-fullwidth non-hundred-percent-height-scrolling\" style=\"--awb-border-radius-top-left:0px;--awb-border-radius-top-right:0px;--awb-border-radius-bottom-right:0px;--awb-border-radius-bottom-left:0px;--awb-margin-top:30px;--awb-flex-wrap:wrap;\" ><div class=\"fusion-builder-row fusion-row fusion-flex-align-items-flex-start fusion-flex-content-wrap\" style=\"max-width:93.6%;margin-left: calc(-4% \/ 2 );margin-right: calc(-4% \/ 2 );\"><div class=\"fusion-layout-column fusion_builder_column fusion-builder-column-0 fusion_builder_column_1_3 1_3 fusion-flex-column home_arrow_box_hover\" style=\"--awb-padding-top:25px;--awb-padding-right:25px;--awb-padding-bottom:25px;--awb-padding-left:25px;--awb-overflow:hidden;--awb-bg-color:var(--awb-color4);--awb-bg-color-hover:var(--awb-color4);--awb-bg-size:cover;--awb-border-radius:24px 24px 24px 24px;--awb-width-large:33.333333333333%;--awb-margin-top-large:0px;--awb-spacing-right-large:5.76%;--awb-margin-bottom-large:20px;--awb-spacing-left-large:5.76%;--awb-width-medium:33.333333333333%;--awb-order-medium:0;--awb-spacing-right-medium:5.76%;--awb-spacing-left-medium:5.76%;--awb-width-small:100%;--awb-order-small:0;--awb-spacing-right-small:1.92%;--awb-spacing-left-small:1.92%;\" data-scroll-devices=\"small-visibility,medium-visibility,large-visibility\"><div class=\"fusion-column-wrapper fusion-column-has-shadow fusion-flex-justify-content-flex-start fusion-content-layout-column\"><a href=\"home-care-agencies\"><div class=\"home_arrow_box\">\n\t<div><h1>Agences de soins \u00e0 domicile<\/h1>Cliquez ici pour consulter la liste compl\u00e8te et les coordonn\u00e9es de toutes nos agences de soins \u00e0 domicile dans votre r\u00e9gion.<\/div>\n    <div><i class=\"fas fa-arrow-circle-right\"><\/i><\/div>\n<\/div><\/a><\/div><\/div><div class=\"fusion-layout-column fusion_builder_column fusion-builder-column-1 fusion_builder_column_1_3 1_3 fusion-flex-column home_arrow_box_hover\" style=\"--awb-padding-top:25px;--awb-padding-right:25px;--awb-padding-bottom:25px;--awb-padding-left:25px;--awb-overflow:hidden;--awb-bg-color:var(--awb-color4);--awb-bg-color-hover:var(--awb-color4);--awb-bg-size:cover;--awb-border-radius:24px 24px 24px 24px;--awb-width-large:33.333333333333%;--awb-margin-top-large:0px;--awb-spacing-right-large:5.76%;--awb-margin-bottom-large:20px;--awb-spacing-left-large:5.76%;--awb-width-medium:33.333333333333%;--awb-order-medium:0;--awb-spacing-right-medium:5.76%;--awb-spacing-left-medium:5.76%;--awb-width-small:100%;--awb-order-small:0;--awb-spacing-right-small:1.92%;--awb-spacing-left-small:1.92%;\" data-scroll-devices=\"small-visibility,medium-visibility,large-visibility\"><div class=\"fusion-column-wrapper fusion-column-has-shadow fusion-flex-justify-content-flex-start fusion-content-layout-column\"><a href=\"members\"><div class=\"home_arrow_box\">\n\t<div><h1>Membres seulement<\/h1>Cliquez ici pour obtenir des informations et des ressources pour les membres de l\u2019ASSB.<\/div>\n    <div><i class=\"fas fa-arrow-circle-right\"><\/i><\/div>\n<\/div><\/a><\/div><\/div><div class=\"fusion-layout-column fusion_builder_column fusion-builder-column-2 fusion_builder_column_1_3 1_3 fusion-flex-column home_arrow_box_hover\" style=\"--awb-padding-top:25px;--awb-padding-right:25px;--awb-padding-bottom:25px;--awb-padding-left:25px;--awb-overflow:hidden;--awb-bg-color:var(--awb-color4);--awb-bg-color-hover:var(--awb-color4);--awb-bg-size:cover;--awb-border-radius:24px 24px 24px 24px;--awb-width-large:33.333333333333%;--awb-margin-top-large:0px;--awb-spacing-right-large:5.76%;--awb-margin-bottom-large:20px;--awb-spacing-left-large:5.76%;--awb-width-medium:33.333333333333%;--awb-order-medium:0;--awb-spacing-right-medium:5.76%;--awb-spacing-left-medium:5.76%;--awb-width-small:100%;--awb-order-small:0;--awb-spacing-right-small:1.92%;--awb-spacing-left-small:1.92%;\" data-scroll-devices=\"small-visibility,medium-visibility,large-visibility\"><div class=\"fusion-column-wrapper fusion-column-has-shadow fusion-flex-justify-content-flex-start fusion-content-layout-column\"><a href=\"caregiver-corner\"><div class=\"home_arrow_box\">\n\t<div><h1>Le coin des soignants<\/h1>Cliquez ici pour acc\u00e9der \u00e0 toutes les ressources disponibles pour les soignants.<\/div>\n    <div><i class=\"fas fa-arrow-circle-right\"><\/i><\/div>\n<\/div><\/a><\/div><\/div><\/div><\/div><div class=\"fusion-fullwidth fullwidth-box fusion-builder-row-2 fusion-flex-container has-pattern-background has-mask-background nonhundred-percent-fullwidth non-hundred-percent-height-scrolling\" style=\"--awb-border-radius-top-left:0px;--awb-border-radius-top-right:0px;--awb-border-radius-bottom-right:0px;--awb-border-radius-bottom-left:0px;--awb-margin-top:35px;--awb-flex-wrap:wrap;\" ><div class=\"fusion-builder-row fusion-row fusion-flex-align-items-flex-start fusion-flex-content-wrap\" style=\"max-width:93.6%;margin-left: calc(-4% \/ 2 );margin-right: calc(-4% \/ 2 );\"><div class=\"fusion-layout-column fusion_builder_column fusion-builder-column-3 fusion_builder_column_2_3 2_3 fusion-flex-column\" style=\"--awb-bg-size:cover;--awb-width-large:66.666666666667%;--awb-margin-top-large:0px;--awb-spacing-right-large:2.88%;--awb-margin-bottom-large:20px;--awb-spacing-left-large:2.88%;--awb-width-medium:66.666666666667%;--awb-order-medium:0;--awb-spacing-right-medium:2.88%;--awb-spacing-left-medium:2.88%;--awb-width-small:100%;--awb-order-small:0;--awb-spacing-right-small:1.92%;--awb-spacing-left-small:1.92%;\"><div class=\"fusion-column-wrapper fusion-column-has-shadow fusion-flex-justify-content-flex-start fusion-content-layout-column\"><div class=\"fusion-text fusion-text-1\"><p><strong>NOTRE MISSION:<\/strong> Soutenir nos membres dans la cr\u00e9ation d&#8217;un secteur des soins \u00e0 domicile durable et innovateur au Nouveau-Brunswick. Nous nous engageons \u00e0 \u00e9tablir des partenariats avec nos membres, le gouvernement, le public et les parties prenantes sur la base d&#8217;une fondation solide de confiance, d&#8217;expertise et de fiabilit\u00e9.<\/p>\n<p><strong>NOTRE VISION:<\/strong> Nous aspirons \u00e0 aider nos membres \u00e0 acqu\u00e9rir des connaissances, des capacit\u00e9s et en ampleur pour servir notre population vieillissante et vuln\u00e9rable du Nouveau-Brunswick n\u00e9cessitant des soins \u00e0 domicile. Nous affirmons que l&#8217;effort collectif peut conduire \u00e0 de plus grandes r\u00e9alisations, bien au-del\u00e0 de ce qui est possible en agissant seul.<\/p>\n<\/div><\/div><\/div><div class=\"fusion-layout-column fusion_builder_column fusion-builder-column-4 fusion_builder_column_1_3 1_3 fusion-flex-column\" style=\"--awb-padding-top:20px;--awb-padding-right:20px;--awb-padding-bottom:20px;--awb-padding-left:20px;--awb-overflow:hidden;--awb-bg-color:var(--awb-color1);--awb-bg-color-hover:var(--awb-color1);--awb-bg-size:cover;--awb-border-color:var(--awb-color4);--awb-border-top:1px;--awb-border-right:1px;--awb-border-bottom:1px;--awb-border-left:1px;--awb-border-style:solid;--awb-border-radius:24px 24px 24px 24px;--awb-width-large:33.333333333333%;--awb-margin-top-large:0px;--awb-spacing-right-large:5.76%;--awb-margin-bottom-large:20px;--awb-spacing-left-large:5.76%;--awb-width-medium:33.333333333333%;--awb-order-medium:0;--awb-spacing-right-medium:5.76%;--awb-spacing-left-medium:5.76%;--awb-width-small:100%;--awb-order-small:0;--awb-spacing-right-small:1.92%;--awb-spacing-left-small:1.92%;\" data-scroll-devices=\"small-visibility,medium-visibility,large-visibility\"><div class=\"fusion-column-wrapper fusion-column-has-shadow fusion-flex-justify-content-flex-start fusion-content-layout-column\"><div class=\"fusion-title title fusion-title-1 fusion-sep-none fusion-title-text fusion-title-size-one\"><h1 class=\"fusion-title-heading title-heading-left\" style=\"margin:0;\">Ressources additionnelles<\/h1><\/div><ul style=\"--awb-divider-color:var(--awb-color4);--awb-textcolor:var(--awb-color4);--awb-line-height:27.2px;--awb-icon-width:27.2px;--awb-icon-height:27.2px;--awb-icon-margin:11.2px;--awb-content-margin:38.4px;\" class=\"fusion-checklist fusion-checklist-1 fusion-checklist-default fusion-checklist-divider type-icons\"><li class=\"fusion-li-item\" style=\"--awb-iconcolor:var(--awb-color4);\"><span class=\"icon-wrapper circle-no\"><i class=\"fusion-li-icon fa-external-link-alt fas\" aria-hidden=\"true\"><\/i><\/span><div class=\"fusion-li-item-content\">\n<p><a href=\"https:\/\/www2.gnb.ca\/content\/dam\/gnb\/Departments\/sd-ds\/pdf\/Seniors\/GuideProcheAidant.pdf\" target=\"_blank\" rel=\"noopener\">Guide du proche aidant &#8211; Information pratique pour les proches aidants de personnes \u00e2g\u00e9es<\/a><\/p>\n<\/div><\/li><li class=\"fusion-li-item\" style=\"--awb-iconcolor:var(--awb-color4);\"><span class=\"icon-wrapper circle-no\"><i class=\"fusion-li-icon fa-external-link-alt fas\" aria-hidden=\"true\"><\/i><\/span><div class=\"fusion-li-item-content\">\n<p><a href=\"https:\/\/socialsupportsnb.ca\/fr\/\" target=\"_blank\" rel=\"noopener\">Soutiens- Obtenez des soins<\/a><\/p>\n<\/div><\/li><li class=\"fusion-li-item\" style=\"--awb-iconcolor:var(--awb-color4);\"><span class=\"icon-wrapper circle-no\"><i class=\"fusion-li-icon fa-external-link-alt fas\" aria-hidden=\"true\"><\/i><\/span><div class=\"fusion-li-item-content\">\n<p><a href=\"https:\/\/www.canada.ca\/fr\/sante-publique\/services\/promotion-sante\/vieillissement-aines\/publications\/publications-grand-public\/chez-toute-securite-guide-securite-aines.html\" target=\"_blank\" rel=\"noopener\">Chez soi en toute s\u00e9curit\u00e9 \u2014 Guide de s\u00e9curit\u00e9 des a\u00een\u00e9s<\/a><\/p>\n<\/div><\/li><li class=\"fusion-li-item\" style=\"--awb-iconcolor:var(--awb-color4);\"><span class=\"icon-wrapper circle-no\"><i class=\"fusion-li-icon fa-external-link-alt fas\" aria-hidden=\"true\"><\/i><\/span><div class=\"fusion-li-item-content\">\n<p><a href=\"https:\/\/alzheimer.ca\/fr\" target=\"_blank\" rel=\"noopener\">Soci\u00e9t\u00e9 Alzheimer<\/a><\/p>\n<\/div><\/li><\/ul><\/div><\/div><\/div><\/div><\/p>\n","protected":false},"excerpt":{"rendered":"","protected":false},"author":1,"featured_media":0,"parent":0,"menu_order":0,"comment_status":"closed","ping_status":"closed","template":"100-width.php","meta":{"footnotes":""},"class_list":["post-339","page","type-page","status-publish","hentry"],"_links":{"self":[{"href":"http:\/\/nbhsa.ca\/fr\/wp-json\/wp\/v2\/pages\/339","targetHints":{"allow":["GET"]}}],"collection":[{"href":"http:\/\/nbhsa.ca\/fr\/wp-json\/wp\/v2\/pages"}],"about":[{"href":"http:\/\/nbhsa.ca\/fr\/wp-json\/wp\/v2\/types\/page"}],"author":[{"embeddable":true,"href":"http:\/\/nbhsa.ca\/fr\/wp-json\/wp\/v2\/users\/1"}],"replies":[{"embeddable":true,"href":"http:\/\/nbhsa.ca\/fr\/wp-json\/wp\/v2\/comments?post=339"}],"version-history":[{"count":9,"href":"http:\/\/nbhsa.ca\/fr\/wp-json\/wp\/v2\/pages\/339\/revisions"}],"predecessor-version":[{"id":421,"href":"http:\/\/nbhsa.ca\/fr\/wp-json\/wp\/v2\/pages\/339\/revisions\/421"}],"wp:attachment":[{"href":"http:\/\/nbhsa.ca\/fr\/wp-json\/wp\/v2\/media?parent=339"}],"curies":[{"name":"wp","href":"https:\/\/api.w.org\/{rel}","templated":true}]}}