{"id":347,"date":"2023-04-08T23:40:51","date_gmt":"2023-04-08T23:40:51","guid":{"rendered":"http:\/\/nbhsa.ca\/support-services\/"},"modified":"2023-07-14T01:46:34","modified_gmt":"2023-07-14T01:46:34","slug":"services-de-soutien","status":"publish","type":"page","link":"http:\/\/nbhsa.ca\/fr\/services-de-soutien\/","title":{"rendered":"Services de soutien"},"content":{"rendered":"<p><div class=\"fusion-fullwidth fullwidth-box fusion-builder-row-1 fusion-flex-container has-pattern-background has-mask-background nonhundred-percent-fullwidth non-hundred-percent-height-scrolling\" style=\"--awb-border-radius-top-left:0px;--awb-border-radius-top-right:0px;--awb-border-radius-bottom-right:0px;--awb-border-radius-bottom-left:0px;--awb-flex-wrap:wrap;\" ><div class=\"fusion-builder-row fusion-row fusion-flex-align-items-flex-start fusion-flex-content-wrap\" style=\"max-width:93.6%;margin-left: calc(-4% \/ 2 );margin-right: calc(-4% \/ 2 );\"><div class=\"fusion-layout-column fusion_builder_column fusion-builder-column-0 fusion_builder_column_1_1 1_1 fusion-flex-column\" style=\"--awb-bg-size:cover;--awb-width-large:100%;--awb-margin-top-large:0px;--awb-spacing-right-large:1.92%;--awb-margin-bottom-large:20px;--awb-spacing-left-large:1.92%;--awb-width-medium:100%;--awb-order-medium:0;--awb-spacing-right-medium:1.92%;--awb-spacing-left-medium:1.92%;--awb-width-small:100%;--awb-order-small:0;--awb-spacing-right-small:1.92%;--awb-spacing-left-small:1.92%;\"><div class=\"fusion-column-wrapper fusion-column-has-shadow fusion-flex-justify-content-flex-start fusion-content-layout-column\"><div class=\"fusion-title title fusion-title-1 fusion-sep-none fusion-title-text fusion-title-size-one\"><h1 class=\"fusion-title-heading title-heading-left\" style=\"margin:0;\">Services de soutien<\/h1><\/div><\/div><\/div><\/div><\/div><div class=\"fusion-fullwidth fullwidth-box fusion-builder-row-2 fusion-flex-container has-pattern-background has-mask-background nonhundred-percent-fullwidth non-hundred-percent-height-scrolling\" style=\"--awb-border-radius-top-left:0px;--awb-border-radius-top-right:0px;--awb-border-radius-bottom-right:0px;--awb-border-radius-bottom-left:0px;--awb-flex-wrap:wrap;\" ><div class=\"fusion-builder-row fusion-row fusion-flex-align-items-flex-start fusion-flex-content-wrap\" style=\"max-width:93.6%;margin-left: calc(-4% \/ 2 );margin-right: calc(-4% \/ 2 );\"><div class=\"fusion-layout-column fusion_builder_column fusion-builder-column-1 fusion_builder_column_1_1 1_1 fusion-flex-column\" style=\"--awb-bg-size:cover;--awb-width-large:100%;--awb-margin-top-large:0px;--awb-spacing-right-large:1.92%;--awb-margin-bottom-large:20px;--awb-spacing-left-large:1.92%;--awb-width-medium:100%;--awb-order-medium:0;--awb-spacing-right-medium:1.92%;--awb-spacing-left-medium:1.92%;--awb-width-small:100%;--awb-order-small:0;--awb-spacing-right-small:1.92%;--awb-spacing-left-small:1.92%;\"><div class=\"fusion-column-wrapper fusion-column-has-shadow fusion-flex-justify-content-flex-start fusion-content-layout-column\"><div class=\"fusion-text fusion-text-1\"><p>Les pr\u00e9pos\u00e9s aux services de soutien \u00e0 la personne et les pr\u00e9pos\u00e9s au soutien \u00e0 domicile aident \u00e0 fournir de l&#8217;aide pour les activit\u00e9s de la vie quotidienne et les besoins en soins personnels lorsque les personnes font face aux effets du vieillissement, d&#8217;une blessure ou d&#8217;une maladie. La gestion des t\u00e2ches quotidiennes peut \u00eatre difficile pour les personnes confront\u00e9es \u00e0 des probl\u00e8mes de sant\u00e9, mais un soutien et des soins suppl\u00e9mentaires peuvent \u00eatre une solution abordable qui permet aux individus de rester \u00e0 la maison en toute s\u00e9curit\u00e9 et confortablement.<\/p>\n<p>Si vous avez besoin d&#8217;aide pour maintenir vos activit\u00e9s quotidiennes et que vous souhaitez rester dans le confort de votre foyer, un pr\u00e9pos\u00e9 aux services de soutien \u00e0 la personne (PSW) pourrait \u00eatre le bon choix pour vous. Que vous ayez besoin de soins de courte ou de longue dur\u00e9e, les pr\u00e9pos\u00e9s aux services de soutien \u00e0 la personne sont disponibles pour r\u00e9pondre \u00e0 tous vos besoins en mati\u00e8re de soins \u00e0 domicile.<\/p>\n<p><strong>Les pr\u00e9pos\u00e9s aux services de soutien \u00e0 la personne et les pr\u00e9pos\u00e9s aux services de soutien \u00e0 domicile peuvent aider avec les \u00e9l\u00e9ments suivants:<\/strong><\/p>\n<p>Soins aux personnes fragiles et aux personnes \u00e2g\u00e9es<br \/>\nSe baigner \/ se toiletter \/ s&#8217;habiller<br \/>\nPlanification et pr\u00e9paration des repas et nutrition<br \/>\nSocialisation<br \/>\nAlimentation<br \/>\nToilette<br \/>\nAccompagnement aux rendez-vous m\u00e9dicaux ou aux \u00e9v\u00e9nements sociaux<br \/>\nRappels de m\u00e9dicaments<br \/>\nEntretien m\u00e9nager l\u00e9ger<br \/>\nBlanchisserie<br \/>\nSurveillance<br \/>\nRemont\u00e9es m\u00e9caniques et transferts<br \/>\nSoins de rel\u00e8ve<br \/>\nPr\u00e9vention des chutes<br \/>\nSoins palliatifs<br \/>\nComp\u00e9tences de la vie<\/p>\n<p>Pour plus d&#8217;informations sur le financement, cliquez <a href=\"https:\/\/socialsupportsnb.ca\/fr\/category\/services-de-soutien-domicile\" target=\"_blank\" rel=\"noopener\">ici<\/a>.<\/p>\n<\/div><\/div><\/div><\/div><\/div><\/p>\n","protected":false},"excerpt":{"rendered":"","protected":false},"author":1,"featured_media":0,"parent":0,"menu_order":0,"comment_status":"closed","ping_status":"closed","template":"","meta":{"footnotes":""},"class_list":["post-347","page","type-page","status-publish","hentry"],"_links":{"self":[{"href":"http:\/\/nbhsa.ca\/fr\/wp-json\/wp\/v2\/pages\/347","targetHints":{"allow":["GET"]}}],"collection":[{"href":"http:\/\/nbhsa.ca\/fr\/wp-json\/wp\/v2\/pages"}],"about":[{"href":"http:\/\/nbhsa.ca\/fr\/wp-json\/wp\/v2\/types\/page"}],"author":[{"embeddable":true,"href":"http:\/\/nbhsa.ca\/fr\/wp-json\/wp\/v2\/users\/1"}],"replies":[{"embeddable":true,"href":"http:\/\/nbhsa.ca\/fr\/wp-json\/wp\/v2\/comments?post=347"}],"version-history":[{"count":2,"href":"http:\/\/nbhsa.ca\/fr\/wp-json\/wp\/v2\/pages\/347\/revisions"}],"predecessor-version":[{"id":349,"href":"http:\/\/nbhsa.ca\/fr\/wp-json\/wp\/v2\/pages\/347\/revisions\/349"}],"wp:attachment":[{"href":"http:\/\/nbhsa.ca\/fr\/wp-json\/wp\/v2\/media?parent=347"}],"curies":[{"name":"wp","href":"https:\/\/api.w.org\/{rel}","templated":true}]}}