{"id":437,"date":"2023-05-17T19:32:24","date_gmt":"2023-05-17T19:32:24","guid":{"rendered":"http:\/\/nbhsa.ca\/membres\/hsc-certification\/"},"modified":"2023-12-19T13:36:03","modified_gmt":"2023-12-19T13:36:03","slug":"certification-matiere-sante-securite","status":"publish","type":"page","link":"http:\/\/nbhsa.ca\/fr\/membres\/certification-matiere-sante-securite\/","title":{"rendered":"Certification en mati\u00e8re de sant\u00e9 et de s\u00e9curit\u00e9"},"content":{"rendered":"","protected":false},"excerpt":{"rendered":"","protected":false},"author":1,"featured_media":0,"parent":405,"menu_order":0,"comment_status":"closed","ping_status":"closed","template":"","meta":{"footnotes":""},"class_list":["post-437","page","type-page","status-publish","hentry"],"_links":{"self":[{"href":"http:\/\/nbhsa.ca\/fr\/wp-json\/wp\/v2\/pages\/437","targetHints":{"allow":["GET"]}}],"collection":[{"href":"http:\/\/nbhsa.ca\/fr\/wp-json\/wp\/v2\/pages"}],"about":[{"href":"http:\/\/nbhsa.ca\/fr\/wp-json\/wp\/v2\/types\/page"}],"author":[{"embeddable":true,"href":"http:\/\/nbhsa.ca\/fr\/wp-json\/wp\/v2\/users\/1"}],"replies":[{"embeddable":true,"href":"http:\/\/nbhsa.ca\/fr\/wp-json\/wp\/v2\/comments?post=437"}],"version-history":[{"count":2,"href":"http:\/\/nbhsa.ca\/fr\/wp-json\/wp\/v2\/pages\/437\/revisions"}],"predecessor-version":[{"id":439,"href":"http:\/\/nbhsa.ca\/fr\/wp-json\/wp\/v2\/pages\/437\/revisions\/439"}],"up":[{"embeddable":true,"href":"http:\/\/nbhsa.ca\/fr\/wp-json\/wp\/v2\/pages\/405"}],"wp:attachment":[{"href":"http:\/\/nbhsa.ca\/fr\/wp-json\/wp\/v2\/media?parent=437"}],"curies":[{"name":"wp","href":"https:\/\/api.w.org\/{rel}","templated":true}]}}